{"id":69,"date":"2016-06-17T15:11:23","date_gmt":"2016-06-17T15:11:23","guid":{"rendered":"https:\/\/cristaluc.wordpress.com\/preguntas-frecuentes\/"},"modified":"2018-11-09T14:20:05","modified_gmt":"2018-11-09T20:20:05","slug":"preguntas-frecuentes","status":"publish","type":"page","link":"https:\/\/cristaluc.com\/index.php\/preguntas-frecuentes\/","title":{"rendered":"PREGUNTAS FRECUENTES"},"content":{"rendered":"<p><span style=\"color: #ff6600;\">\u00bfSON AUT\u00c9NTICOS TRABAJOS HECHO A MANO?<\/span><br \/>\nTodos nuestros art\u00edculos son realizados a mano por artesanos.<\/p>\n<p><span style=\"color: #ff6600;\">\u00bfC\u00d3MO PUEDO CONTACTARLOS?<\/span><br \/>\nSi no encuentras la informaci\u00f3n necesaria en esta p\u00e1gina puedes enviar un mensaje desde\u00a0<a href=\"https:\/\/cristaluc.com\/index.php\/contacto-2\/\">CONTACTO<\/a>\u00a0o env\u00eda un email a: ventas@cristaluc.com<\/p>\n<p><span style=\"color: #ff6600;\">\u00bfTIENEN ALGUNA TIENDA?<\/span><br \/>\nNo, contamos con ninguna tienda somos fabricantes.<\/p>\n<p><span style=\"color: #ff6600;\">\u00bfTIENEN VENTA MENUDEO?<\/span><br \/>\nNo, contamos con venta menudeo solo mayoreo.<\/p>\n<p><span style=\"color: #ff6600;\">\u00bfC\u00d3MO LAS ENV\u00cdAS?<\/span><br \/>\nEl env\u00edo se hace por alguna paqueteria, transportadora, o directo en la f\u00e1brica.<\/p>\n<p><span style=\"color: #ff6600;\">\u00bfCU\u00c1L ES LA CANTIDAD M\u00cdNIMA DE COMPRA?<\/span><\/p>\n<p>Para compra de mercanc\u00eda en existencia el monto m\u00ednimo es de $5,000.00 mxn.<\/p>\n<p>Para pedidos de producci\u00f3n el m\u00ednimo es de 100 piezas por modelo y dise\u00f1o.<\/p>\n<p><span style=\"color: #ff6600;\">\u00bfFACTURAN TODAS LAS COMPRAS REALIZADAS?<\/span><\/p>\n<p>S\u00ed facturamos. En caso de requerir factura s\u00f3lo es necesario que nos proporcione sus datos de facturaci\u00f3n. Si no requiere factura le hacemos entrega de su nota de compra correspondiente.<\/p>\n<p>&nbsp;<\/p>\n<p>&nbsp;<\/p>\n","protected":false},"excerpt":{"rendered":"<p>\u00bfSON AUT\u00c9NTICOS TRABAJOS HECHO A MANO? Todos nuestros art\u00edculos son realizados a mano por artesanos. \u00bfC\u00d3MO PUEDO CONTACTARLOS? Si no encuentras la informaci\u00f3n necesaria en esta p\u00e1gina puedes enviar un mensaje desde\u00a0CONTACTO\u00a0o env\u00eda un email a: ventas@cristaluc.com \u00bfTIENEN ALGUNA TIENDA? No, contamos con ninguna tienda somos fabricantes. \u00bfTIENEN VENTA MENUDEO? No, contamos con venta menudeo [&hellip;]<\/p>\n","protected":false},"author":1,"featured_media":0,"parent":0,"menu_order":0,"comment_status":"closed","ping_status":"closed","template":"","meta":{"sfsi_plus_gutenberg_text_before_share":"","sfsi_plus_gutenberg_show_text_before_share":"","sfsi_plus_gutenberg_icon_type":"","sfsi_plus_gutenberg_icon_alignemt":"","sfsi_plus_gutenburg_max_per_row":"","_monsterinsights_skip_tracking":false,"_monsterinsights_sitenote_active":false,"_monsterinsights_sitenote_note":"","_monsterinsights_sitenote_category":0,"footnotes":""},"class_list":["post-69","page","type-page","status-publish","hentry"],"_links":{"self":[{"href":"https:\/\/cristaluc.com\/index.php\/wp-json\/wp\/v2\/pages\/69","targetHints":{"allow":["GET"]}}],"collection":[{"href":"https:\/\/cristaluc.com\/index.php\/wp-json\/wp\/v2\/pages"}],"about":[{"href":"https:\/\/cristaluc.com\/index.php\/wp-json\/wp\/v2\/types\/page"}],"author":[{"embeddable":true,"href":"https:\/\/cristaluc.com\/index.php\/wp-json\/wp\/v2\/users\/1"}],"replies":[{"embeddable":true,"href":"https:\/\/cristaluc.com\/index.php\/wp-json\/wp\/v2\/comments?post=69"}],"version-history":[{"count":9,"href":"https:\/\/cristaluc.com\/index.php\/wp-json\/wp\/v2\/pages\/69\/revisions"}],"predecessor-version":[{"id":347,"href":"https:\/\/cristaluc.com\/index.php\/wp-json\/wp\/v2\/pages\/69\/revisions\/347"}],"wp:attachment":[{"href":"https:\/\/cristaluc.com\/index.php\/wp-json\/wp\/v2\/media?parent=69"}],"curies":[{"name":"wp","href":"https:\/\/api.w.org\/{rel}","templated":true}]}}