{"id":39,"date":"2016-06-16T20:29:39","date_gmt":"2016-06-16T20:29:39","guid":{"rendered":"https:\/\/cristaluc.wordpress.com\/aviso-de-privacidad\/"},"modified":"2023-05-08T12:41:54","modified_gmt":"2023-05-08T18:41:54","slug":"aviso-de-privacidad","status":"publish","type":"page","link":"https:\/\/cristaluc.com\/index.php\/aviso-de-privacidad\/","title":{"rendered":"AVISO DE PRIVACIDAD"},"content":{"rendered":"<p style=\"text-align: left;\"><span style=\"color: #ff9900;\">AVISO DE PRIVACIDAD<\/span><br \/>\nTodos los Derechos Reservados \u00a9 2014 Registro INDA: 03-2014-110509590400-11<br \/>\nMaterial elaborado y producido en favor de: CRISTALUC<br \/>\nConforme a lo previsto en la Ley Federal de Protecci\u00f3n de Datos Personales en Posesi\u00f3n de los Particulares hacemos<br \/>\nde su conocimiento lo siguiente:<br \/>\n<span style=\"color: #ff9900;\">1. \u00bfQUI\u00c9NES SOMOS?<\/span><br \/>\nEl concepto comercial conocido como <span style=\"color: #ff9900;\">CRISTALUC<\/span>, se\u00f1ala que est\u00e1 ubicado en el domicilio: Calle Cruz de Pachahuio 267, Colonia Jardines de la Cruz Oriente, c.p. 45405, Tonal\u00e1, Jalisco. M\u00e9xico; y tiene asignado a Alberto Ram\u00edrez<br \/>\nSantiago como el encargado de datos personales y su tratamiento (en este acto, as\u00ed como en actos pasados y\/o<br \/>\nfuturos), funci\u00f3n que consiste en recabar, manejar, proteger y almacenar los datos personales de sus clientes,<br \/>\nprospectos, proveedores, distribuidores y\/o beneficiados de cualquiera de los productos y\/o servicios de CRISTALUC.<br \/>\n<span style=\"color: #ff9900;\">2. \u00bfPARA QU\u00c9 FINES UTILIZAREMOS SUS DATOS PERSONALES?<\/span><br \/>\nCRISTALUC recabar\u00e1 datos personales de usted y los utilizar\u00e1 para las siguientes finalidades que son necesarias<br \/>\npara el servicio solicitado:<br \/>\n<span style=\"color: #ff9900;\">a)<\/span> Fines Comerciales:<br \/>\nRealizar la promoci\u00f3n y venta en f\u00edsico y\/o en l\u00ednea de los productos y\/o servicios de CRISTALUC.<br \/>\nRealizar el dise\u00f1o, elaboraci\u00f3n, fabricaci\u00f3n, distribuci\u00f3n y exportaci\u00f3n de artesan\u00edas y productos decorativos en<br \/>\nvidrio soplado, tales como: vasos, floreros, copas, jarras, platones, tarros, esferas, ensaladeras y agitadores.<br \/>\n<span style=\"color: #ff9900;\">b)<\/span> Fines Fiscales:<br \/>\nRealizar la facturaci\u00f3n fiscal derivada de la comercializaci\u00f3n de los productos y\/o servicios.<br \/>\nDe manera adicional, CRISTALUC utilizar\u00e1 su informaci\u00f3n personal para las siguientes finalidades que no son<br \/>\nnecesarias para el servicio solicitado, pero que le permitir\u00e1 y facilitar\u00e1 brindarle una mejor atenci\u00f3n:<br \/>\n<span style=\"color: #ff9900;\">c)<\/span> Fines Mercadot\u00e9cnicos:<br \/>\nRealizar actividades de mercadotecnia y promoci\u00f3n en f\u00edsico y\/o en l\u00ednea de sus productos o servicios.<br \/>\nRealizar llamadas telef\u00f3nicas y envi\u00f3 de correos electr\u00f3nicos de cobranza y pagos, de localizaci\u00f3n y verificaci\u00f3n<br \/>\nde la informaci\u00f3n del cliente y\/o empleados, de confirmaci\u00f3n de pedidos, \u00f3rdenes de compra y solicitud de<br \/>\nmercanc\u00eda, de log\u00edstica para gu\u00edas de embarque y paqueter\u00eda, de autorizaci\u00f3n de presupuestos y entrega de<br \/>\npedidos, de realizar aclaraciones, cotizaciones y promociones, de env\u00edo y recepci\u00f3n de facturaci\u00f3n fiscal, de<br \/>\nconcertaci\u00f3n de citas y seguimiento postventa, as\u00ed como proporcionar seguimiento a los proyectos y cotizaciones<br \/>\nrealizadas.<br \/>\nPublicar y postear en redes sociales para contacto y fidelizaci\u00f3n de los clientes.<br \/>\nEn caso de que usted no desee que sus datos personales sean tratados para estos fines adicionales, usted puede<br \/>\nindicarlo a continuaci\u00f3n:<br \/>\nNo consiento que mis datos personales se utilicen para los siguientes fines:<br \/>\n[ ] Mercadot\u00e9cnicos o Publicitarios.<br \/>\n[ ] Prospecci\u00f3n Comercial.<br \/>\nLa negativa para el uso de sus datos personales para estas finalidades no podr\u00e1 ser un motivo para que le neguemos<br \/>\nlos productos y\/o servicios que usted solicita o contrata con CRISTALUC.<br \/>\nPara llevar a cabo las finalidades descritas en el presente Aviso de Privacidad, CRISTALUC utilizar\u00e1 sus datos<br \/>\npersonales de identificaci\u00f3n, de contacto y patrimoniales.<br \/>\n<span style=\"color: #ff9900;\">3. \u00bfD\u00d3NDE PUEDO CONSULTAR EL AVISO DE PRIVACIDAD INTEGRAL?<\/span><br \/>\nPara conocer mayor informaci\u00f3n acerca de los t\u00e9rminos y condiciones en que ser\u00e1n tratados sus datos personales,<br \/>\ncomo los terceros con quienes compartimos su informaci\u00f3n personal y la forma en que podr\u00e1 hacer valer sus Derechos<br \/>\nA.R.C.O., usted puede acceder y consultar nuestro Aviso de Privacidad Integral a trav\u00e9s del sitio de Internet:<br \/>\nwww.cristaluc.com o podr\u00e1 realizar una solicitud enviando un correo electr\u00f3nico a la siguiente direcci\u00f3n:<br \/>\n<span style=\"color: #ff9900;\">privacidad@cristaluc.com<\/span><\/p>\n","protected":false},"excerpt":{"rendered":"<p>AVISO DE PRIVACIDAD Todos los Derechos Reservados \u00a9 2014 Registro INDA: 03-2014-110509590400-11 Material elaborado y producido en favor de: CRISTALUC Conforme a lo previsto en la Ley Federal de Protecci\u00f3n de Datos Personales en Posesi\u00f3n de los Particulares hacemos de su conocimiento lo siguiente: 1. \u00bfQUI\u00c9NES SOMOS? El concepto comercial conocido como CRISTALUC, se\u00f1ala que [&hellip;]<\/p>\n","protected":false},"author":1,"featured_media":0,"parent":0,"menu_order":0,"comment_status":"closed","ping_status":"closed","template":"","meta":{"sfsi_plus_gutenberg_text_before_share":"","sfsi_plus_gutenberg_show_text_before_share":"","sfsi_plus_gutenberg_icon_type":"","sfsi_plus_gutenberg_icon_alignemt":"","sfsi_plus_gutenburg_max_per_row":"","_monsterinsights_skip_tracking":false,"_monsterinsights_sitenote_active":false,"_monsterinsights_sitenote_note":"","_monsterinsights_sitenote_category":0,"footnotes":""},"class_list":["post-39","page","type-page","status-publish","hentry"],"_links":{"self":[{"href":"https:\/\/cristaluc.com\/index.php\/wp-json\/wp\/v2\/pages\/39","targetHints":{"allow":["GET"]}}],"collection":[{"href":"https:\/\/cristaluc.com\/index.php\/wp-json\/wp\/v2\/pages"}],"about":[{"href":"https:\/\/cristaluc.com\/index.php\/wp-json\/wp\/v2\/types\/page"}],"author":[{"embeddable":true,"href":"https:\/\/cristaluc.com\/index.php\/wp-json\/wp\/v2\/users\/1"}],"replies":[{"embeddable":true,"href":"https:\/\/cristaluc.com\/index.php\/wp-json\/wp\/v2\/comments?post=39"}],"version-history":[{"count":4,"href":"https:\/\/cristaluc.com\/index.php\/wp-json\/wp\/v2\/pages\/39\/revisions"}],"predecessor-version":[{"id":371,"href":"https:\/\/cristaluc.com\/index.php\/wp-json\/wp\/v2\/pages\/39\/revisions\/371"}],"wp:attachment":[{"href":"https:\/\/cristaluc.com\/index.php\/wp-json\/wp\/v2\/media?parent=39"}],"curies":[{"name":"wp","href":"https:\/\/api.w.org\/{rel}","templated":true}]}}