{"id":216,"date":"2016-12-28T12:26:52","date_gmt":"2016-12-28T18:26:52","guid":{"rendered":"https:\/\/cristaluc.com\/?page_id=216"},"modified":"2022-04-27T15:57:24","modified_gmt":"2022-04-27T21:57:24","slug":"nosotros","status":"publish","type":"page","link":"https:\/\/cristaluc.com\/index.php\/nosotros\/","title":{"rendered":"NOSOTROS"},"content":{"rendered":"<p><span style=\"color: #ff6600;\">Nuestra Historia<\/span><br \/>Cristaluc surgi\u00f3 del entusiasmo y esfuerzo de un hombre Mexicano, quien desde muy joven tuvo la oportunidad de trabajar con vidrio soplado. Contando con la experiencia de elaboraci\u00f3n de este tipo de productos, aconsejado y apoyado por su familia decidi\u00f3 iniciar su propia f\u00e1brica, la cual actualmente se ha reconocido entre sus clientes por ser una empresa responsable, fabricante de hermosas piezas en vidrio de alta calidad, hechas en Tonal\u00e1 para el resto de M\u00e9xico y el mundo.<\/p>\n<p><span style=\"color: #ff6600;\">Misi\u00f3n<\/span><br \/>Satisfacer los requerimientos y expectativas de nuestros clientes en el menor tiempo posible, contando con un alto sentido de compromiso, seriedad y profesionalismo reflej\u00e1ndolo en la calidad de nuestros productos.<\/p>\n<p><span style=\"color: #ff6600;\">Visi\u00f3n<\/span><br \/>Posicionarnos como una de las mejores empresas de artesan\u00edas en vidrio soplado tanto a nivel nacional como internacional, haciendo que el nombre Cristaluc se asocie con calidad en producto, tiempos de entrega y amabilidad en nuestro servicio.<\/p>\n\n\n<figure class=\"wp-block-embed is-type-video is-provider-youtube wp-block-embed-youtube wp-embed-aspect-16-9 wp-has-aspect-ratio\"><div class=\"wp-block-embed__wrapper\">\n<iframe loading=\"lazy\" title=\"Un vaso m\u00e1s de 9 personas. As\u00f3 los obradores de  vidrio soplado de Tonal\u00e1 Jalisco.\" width=\"800\" height=\"450\" src=\"https:\/\/www.youtube.com\/embed\/LNYvkAUzQbg?feature=oembed\" frameborder=\"0\" allow=\"accelerometer; autoplay; clipboard-write; encrypted-media; gyroscope; picture-in-picture\" allowfullscreen><\/iframe>\n<\/div><\/figure>\n","protected":false},"excerpt":{"rendered":"<p>Nuestra HistoriaCristaluc surgi\u00f3 del entusiasmo y esfuerzo de un hombre Mexicano, quien desde muy joven tuvo la oportunidad de trabajar con vidrio soplado. Contando con la experiencia de elaboraci\u00f3n de este tipo de productos, aconsejado y apoyado por su familia decidi\u00f3 iniciar su propia f\u00e1brica, la cual actualmente se ha reconocido entre sus clientes por [&hellip;]<\/p>\n","protected":false},"author":1,"featured_media":378,"parent":0,"menu_order":0,"comment_status":"closed","ping_status":"closed","template":"","meta":{"sfsi_plus_gutenberg_text_before_share":"","sfsi_plus_gutenberg_show_text_before_share":"","sfsi_plus_gutenberg_icon_type":"","sfsi_plus_gutenberg_icon_alignemt":"","sfsi_plus_gutenburg_max_per_row":"","_monsterinsights_skip_tracking":false,"_monsterinsights_sitenote_active":false,"_monsterinsights_sitenote_note":"","_monsterinsights_sitenote_category":0,"footnotes":""},"class_list":["post-216","page","type-page","status-publish","has-post-thumbnail","hentry"],"_links":{"self":[{"href":"https:\/\/cristaluc.com\/index.php\/wp-json\/wp\/v2\/pages\/216","targetHints":{"allow":["GET"]}}],"collection":[{"href":"https:\/\/cristaluc.com\/index.php\/wp-json\/wp\/v2\/pages"}],"about":[{"href":"https:\/\/cristaluc.com\/index.php\/wp-json\/wp\/v2\/types\/page"}],"author":[{"embeddable":true,"href":"https:\/\/cristaluc.com\/index.php\/wp-json\/wp\/v2\/users\/1"}],"replies":[{"embeddable":true,"href":"https:\/\/cristaluc.com\/index.php\/wp-json\/wp\/v2\/comments?post=216"}],"version-history":[{"count":8,"href":"https:\/\/cristaluc.com\/index.php\/wp-json\/wp\/v2\/pages\/216\/revisions"}],"predecessor-version":[{"id":386,"href":"https:\/\/cristaluc.com\/index.php\/wp-json\/wp\/v2\/pages\/216\/revisions\/386"}],"wp:featuredmedia":[{"embeddable":true,"href":"https:\/\/cristaluc.com\/index.php\/wp-json\/wp\/v2\/media\/378"}],"wp:attachment":[{"href":"https:\/\/cristaluc.com\/index.php\/wp-json\/wp\/v2\/media?parent=216"}],"curies":[{"name":"wp","href":"https:\/\/api.w.org\/{rel}","templated":true}]}}